{"id":7675,"date":"2024-11-27T11:22:26","date_gmt":"2024-11-27T10:22:26","guid":{"rendered":"https:\/\/maxime-tortelier.com\/?page_id=7675"},"modified":"2024-12-06T13:48:47","modified_gmt":"2024-12-06T13:48:47","slug":"about","status":"publish","type":"page","link":"https:\/\/maxime-tortelier.com\/fr\/maxime-tortelier\/about\/","title":{"rendered":"Pr\u00e9sentation"},"content":{"rendered":"<div class=\"wpb-content-wrapper\"><section id=\"ut-section-69e4c5ca13d12\" data-section-title=\"About\" data-vc-full-width=\"true\" data-vc-full-width-init=\"false\" data-cursor-skin=\"global\" class=\"vc_section ut-vc-160 vc_section-has-fill ut-section-69e4c5ca13d24 ut-overflow-visible ut-overflow-visible-tablet ut-overflow-visible-mobile hide-bg-on-medium hide-bg-on-tablet hide-bg-on-mobile ut-section-with-linking\"><a id=\"section-about\" data-id=\"section-about\" class=\"ut-vc-offset-anchor-top\" name=\"section-about\">about<\/a><div id=\"ut-row-69e4c5ca14a39\" data-vc-full-width=\"true\" data-vc-full-width-init=\"false\" class=\"vc_row wpb_row vc_row-fluid vc_column-gap-0 ut-row-69e4c5ca14a46\" ><div class=\"wpb_column vc_column_container vc_col-sm-12\" ><div id=\"ut_inner_column_69e4c5ca15507\" class=\"vc_column-inner\" ><div class=\"wpb_wrapper\"><div class=\"wpb_content_element  vc_custom_1733152780983\"><style type=\"text\/css\">#ut_header_69e4c5ca15b4f h2.section-title { font-size:50px !important;line-height:50px !important; }<\/style><header id=\"ut_header_69e4c5ca15b4f\" class=\"section-header  ut-no-title-linebreak-mobile ut-no-lead-linebreak-mobile pt-style-2 header-left header-tablet-center header-mobile-center element-with-custom-line-height\"><div class=\"element-with-custom-line-height\" ><h2 data-title=\"About\"  data-responsive-font=\"section_title\" data-responsive-font-settings=\"{&quot;base-font-size&quot;:&quot;global&quot;,&quot;font-size&quot;:{&quot;desktop_large&quot;:&quot;50&quot;},&quot;base-line-height&quot;:&quot;global&quot;,&quot;line-height&quot;:{&quot;desktop_large&quot;:&quot;50&quot;},&quot;base-letter-spacing&quot;:&quot;global&quot;}\" class=\"section-title\"><span>Pr\u00e9sentation<\/span><\/h2><\/div><\/header><\/div><\/div><\/div><\/div><style type=\"text\/css\">#ut-row-69e4c5ca14a39{padding-left: 100px !important;} <\/style><\/div><div class=\"vc_row-full-width vc_clearfix\"><\/div><div id=\"ut-row-69e4c5ca1b510\" data-vc-full-width=\"true\" data-vc-full-width-init=\"false\" class=\"vc_row wpb_row vc_row-fluid vc_column-gap-0 ut-row-69e4c5ca1b520\" ><div class=\"wpb_column vc_column_container vc_col-lg-7 vc_col-md-12 vc_col-sm-12\" ><div id=\"ut_inner_column_69e4c5ca1bf5d\" class=\"vc_column-inner\" ><div class=\"wpb_wrapper\">\r\n\t<div class=\"wpb_text_column wpb_content_element scroll\" id=\"bio-text\">\r\n\t\t<div class=\"wpb_wrapper\">\r\n\t\t\t<p>Actuellement chef des ensembles dirig\u00e9s au Conservatoire de Nancy, Maxime Tortelier a \u00e9t\u00e9 directeur musical de l\u2019Orchestre D\u00e9mos-Lyon M\u00e9tropole, en partenariat avec l\u2019Orchestre National de Lyon. Son talent s'exprime sur la sc\u00e8ne musicale internationale depuis qu'il s'est fait remarquer comme jeune chef associ\u00e9 de l\u2019Orchestre Symphonique de Bournemouth. \u00c0 la t\u00eate de cette formation, il s\u2019est attir\u00e9 les \u00e9loges d\u2019une critique saluant volontiers son \u00ab charisme \u00bb, sa \u00ab verve \u00bb et son \u00ab enthousiasme \u00bb.<\/p>\n<p>Depuis, Maxime Tortelier est l\u2019invit\u00e9 d\u2019autres orchestres britanniques de premier plan : l\u2019Orchestre d\u2019Ulster, l\u2019Orchestre Philharmonique de la BBC <a title=\"BBC Wireless Nights Prom\" href=\"https:\/\/www.bbc.co.uk\/events\/e5q5v2\" target=\"_blank\" rel=\"nofollow noopener noreferrer\">qui le r\u00e9invite aussit\u00f4t dans le cadre du festival des Proms de la BBC<\/a>, et l\u2019Orchestre Philharmonique Royal de Liverpool. Londonien d\u2019adoption, il r\u00e9side n\u00e9anmoins \u00e0 Paris o\u00f9 <a title=\"Alla breve\" href=\"https:\/\/www.francemusique.fr\/emissions\/alla-breve-l-integrale\/sympathetic-resonance-de-christian-mason-diffusion-integrale-12806\" target=\"_blank\" rel=\"nofollow noopener noreferrer\">l\u2019Orchestre National de France l\u2019invite \u00e0 plusieurs reprises<\/a>. Ailleurs en France, il dirige les orchestres de Bretagne, de Normandie et de Nouvelle Aquitaine, ainsi que l\u2019Orchestre National de Lyon. Les op\u00e9ras de Montpellier, Toulon, Saint-Etienne et Tours l\u2019accueillent \u00e9galement pour des concerts symphoniques. Au-del\u00e0 de cette implantation franco-britannique, il fait \u00e9galement ses d\u00e9buts avec l\u2019Orchestre Symphonique d\u2019Islande, ainsi que les Orchestres Philharmoniques de Luxembourg et de Monte-Carlo.<\/p>\n<p>Toujours pr\u00eat \u00e0 partager son enthousiasme avec les publics et les musiciens de demain, Maxime Tortelier m\u00e8ne de nombreuses activit\u00e9s avec les jeunes : parall\u00e8lement \u00e0 sa direction musicale des orchestres lyonnais de <a title=\"D\u00e9mos concert 2024\" href=\"https:\/\/www.youtube.com\/watch?v=IcTQCiiOD_E&amp;t=363s\" target=\"_blank\" rel=\"nofollow noopener\">D\u00e9mos<\/a> (Dispositif d'\u00e9ducation musicale et orchestrale \u00e0 vocation sociale) il est \u00e9galement chef des ensembles dirig\u00e9s au <a title=\"CRR Grand Nancy\" href=\"https:\/\/conservatoire.grandnancy.eu\/accueil\" rel=\"nofollow noopener\" target=\"_blank\">Conservatoire R\u00e9gional du Grand Nancy<\/a>Il a \u00e9galement \u00e9t\u00e9 en r\u00e9sidence deux \u00e9t\u00e9s de suite avec le South West Youth Orchestra et, plus r\u00e9cemment, avec les National Youth Orchestras of Scotland. A Londres, il collabore r\u00e9guli\u00e8rement avec les jeunes professionnels du Southbank Sinfonia avec qui il cultive un rapport chaleureux. Leur s\u00e9rie #concertlab, qui revisite les formes du concert traditionnel, comme en t\u00e9moigne leur derni\u00e8re collaboration <a href=\"https:\/\/www.matt-belcher.com\/projects\/theorchestralforest\" target=\"_blank\" rel=\"noopener nofollow\">THE ORCHESTRAL FOREST<\/a> s'est attir\u00e9 les louanges de la critique tout comme du public, ainsi qu'une nomination aux prestigieuses Royal Philharmonic Society awards.<\/p>\n<p>Ses d\u00e9buts \u00e0 la baguette remontent \u00e0 2009 avec l\u2019Orchestre du Festival de Sofia, \u00e0 l\u2019Accademia Chigiana de Sienne o\u00f9 il \u00e9tudie avec Gianluigi Gelmetti. Il est alors dans la classe de direction d\u2019orchestre de Colin Metters \u00e0 la Royal Academy of Music de Londres, o\u00f9 il re\u00e7oit \u00e9galement l\u2019enseignement de chefs invit\u00e9s tels que David Zinman ou Leif Segerstam. En 2012, il est demi-finaliste du concours Donatella Flick, et nomm\u00e9 \u00ab meilleur participant \u00bb \u00e0 l\u2019issue d\u2019une masterclass avec le Baltimore Symphony Orchestra et Marin Alsop.<\/p>\n<p>Issu d\u2019une lign\u00e9e de musiciens (il est le fils du chef d'orchestre Yan Pascal et du violoncelliste Paul), Maxime Tortelier  \u00e9tudie le piano d\u00e8s l\u2019\u00e2ge de cinq ans. Avant de se consacrer \u00e0 la direction d\u2019orchestre, il fait des \u00e9tudes litt\u00e9raires, entre \u00e0 l\u2019Ecole Normale Sup\u00e9rieure de Lyon, enseigne le fran\u00e7ais \u00e0 l\u2019universit\u00e9 de Harvard et obtient l\u2019agr\u00e9gation d\u2019Anglais. Il est \u00e9galement titulaire d\u2019un Master de musicologie \u00e0 l\u2019Ecole des Hautes Etudes en Sciences Sociales et de plusieurs prix d\u2019\u00e9criture au Conservatoire National Sup\u00e9rieur de Musique et de Danse de Paris.<\/p>\n\r\n\t\t<\/div>\r\n\t<\/div>\r\n<\/div><\/div><style type=\"text\/css\">#ut_inner_column_69e4c5ca1bf5d{padding-left: 0px !important;}<\/style><\/div><div class=\"wpb_column vc_column_container vc_col-sm-7 vc_col-lg-5 vc_hidden-md vc_hidden-sm vc_hidden-xs\" ><div id=\"ut_inner_column_69e4c5ca1c6f7\" class=\"vc_column-inner\" ><div class=\"wpb_wrapper\"><\/div><\/div><\/div><style type=\"text\/css\">#ut-row-69e4c5ca1b510{padding-left: 100px !important;} <\/style><\/div><div class=\"vc_row-full-width vc_clearfix\"><\/div><a data-id=\"section-about\" class=\"ut-vc-offset-anchor-bottom\" name=\"section-about\">about<\/a><style type=\"text\/css\">#ut-section-69e4c5ca13d12{background: #050505 url(https:\/\/maxime-tortelier.com\/wp-content\/uploads\/2020\/03\/NYOS2-e1588889548516.jpg?id=6942) !important;background-position:right center !important;;background-repeat: no-repeat !important;background-size: contain !important;background-attachment:inherit!important;;} <\/style><\/section><div class=\"vc_row-full-width vc_clearfix\"><\/div><section id=\"ut-section-69e4c5ca1d6ef\" data-vc-full-width=\"true\" data-vc-full-width-init=\"false\" data-cursor-skin=\"global\" class=\"vc_section ut-vc-160 vc_section-has-fill ut-section-69e4c5ca1d6f9\"><div id=\"ut-row-69e4c5ca1e157\" data-vc-full-width=\"true\" data-vc-full-width-init=\"false\" class=\"vc_row wpb_row vc_row-fluid vc_column-gap-0 ut-row-69e4c5ca1e161\" ><div class=\"wpb_column vc_column_container vc_col-sm-4\" ><div id=\"ut_inner_column_69e4c5ca1e8c9\" class=\"vc_column-inner\" ><div class=\"wpb_wrapper\"><style type=\"text\/css\">#bklyn_btn_69e4c5ca1e9d9 .bklyn-btn { color:rgba(255,255,255,0.5) !important; border-color:rgba(255, 255, 255, 0.5) !important; border-width:2px !important; }#bklyn_btn_69e4c5ca1e9d9 .bklyn-btn:hover{ color:#ffffff !important; border-color:#294dea !important; }#bklyn_btn_69e4c5ca1e9d9 .bklyn-btn:focus{ color:#ffffff !important; border-color:#294dea !important; }#bklyn_btn_69e4c5ca1e9d9 .bklyn-btn:active { color:#ffffff !important; border-color:#294dea !important; }#bklyn_btn_69e4c5ca1e9d9 a.bklyn-btn { font-weight:normal !important; }#bklyn_btn_69e4c5ca1e9d9.bklyn-btn-header a.bklyn-btn { font-weight:normal !important; }#bklyn_btn_69e4c5ca1e9d9.bklyn-btn-header a.bklyn-btn span { font-weight:normal !important; }#bklyn_btn_69e4c5ca1e9d9 a.bklyn-btn { font-family:inherit !important; }#bklyn_btn_69e4c5ca1e9d9.bklyn-btn-holder a { margin-right:10px }<\/style><div id=\"bklyn_btn_69e4c5ca1e9d9\" class=\"bklyn-btn-holder  bklyn-btn-left bklyn-btn-tablet-left bklyn-btn-mobile-center\"><a title=\"Biographie\" href=\"https:\/\/maxime-tortelier.com\/wp-content\/uploads\/2024\/12\/bio-Maxime-Tortelier_FR_24.pdf\" target=\"_blank\" class=\"bklyn-btn  bklyn-btn-outline bklyn-btn-icon-left bklyn-btn-normal\"><i class=\"BklynIcons-Download\"><\/i><span class=\"ut-btn-text\">Biographie<\/span><\/a><\/div><\/div><\/div><\/div><div class=\"wpb_column vc_column_container vc_col-sm-4\" ><div id=\"ut_inner_column_69e4c5ca1ed3f\" class=\"vc_column-inner\" ><div class=\"wpb_wrapper\"><style type=\"text\/css\">#bklyn_btn_69e4c5ca1edd1 .bklyn-btn { color:rgba(255,255,255,0.5) !important; border-color:rgba(255, 255, 255, 0.5) !important; border-width:2px !important; }#bklyn_btn_69e4c5ca1edd1 .bklyn-btn:hover{ color:#ffffff !important; border-color:#294dea !important; }#bklyn_btn_69e4c5ca1edd1 .bklyn-btn:focus{ color:#ffffff !important; border-color:#294dea !important; }#bklyn_btn_69e4c5ca1edd1 .bklyn-btn:active { color:#ffffff !important; border-color:#294dea !important; }#bklyn_btn_69e4c5ca1edd1 a.bklyn-btn { font-family:inherit !important; }#bklyn_btn_69e4c5ca1edd1.bklyn-btn-holder a { margin-right:10px;margin-left:10px;padding-right:25px;padding-left:25px }<\/style><div id=\"bklyn_btn_69e4c5ca1edd1\" class=\"bklyn-btn-holder  bklyn-btn-center bklyn-btn-tablet-center bklyn-btn-mobile-center\"><a title=\"CV\" href=\"https:\/\/maxime-tortelier.com\/wp-content\/uploads\/2024\/12\/CV-fr-2024.pdf\" target=\"_blank\" class=\"bklyn-btn  bklyn-btn-outline bklyn-btn-icon-left bklyn-btn-normal\"><i class=\"BklynIcons-Download\"><\/i><span class=\"ut-btn-text\">CV<\/span><\/a><\/div><\/div><\/div><\/div><div class=\"wpb_column vc_column_container vc_col-sm-4\" ><div id=\"ut_inner_column_69e4c5ca1f0cd\" class=\"vc_column-inner\" ><div class=\"wpb_wrapper\"><style type=\"text\/css\">#bklyn_btn_69e4c5ca1f156 .bklyn-btn { color:rgba(255,255,255,0.5) !important; border-color:rgba(255, 255, 255, 0.5) !important; border-width:2px !important; }#bklyn_btn_69e4c5ca1f156 .bklyn-btn:hover{ color:#ffffff !important; border-color:#294dea !important; }#bklyn_btn_69e4c5ca1f156 .bklyn-btn:focus{ color:#ffffff !important; border-color:#294dea !important; }#bklyn_btn_69e4c5ca1f156 .bklyn-btn:active { color:#ffffff !important; border-color:#294dea !important; }#bklyn_btn_69e4c5ca1f156 a.bklyn-btn { font-family:inherit !important; }#bklyn_btn_69e4c5ca1f156.bklyn-btn-holder a { margin-left:10px }<\/style><div id=\"bklyn_btn_69e4c5ca1f156\" class=\"bklyn-btn-holder  bklyn-btn-center bklyn-btn-tablet-center bklyn-btn-mobile-center\"><a title=\"R\u00e9pertoire\" href=\"https:\/\/maxime-tortelier.com\/wp-content\/uploads\/2024\/12\/repertoire-2024_FR.pdf\" target=\"_blank\" class=\"bklyn-btn  bklyn-btn-outline bklyn-btn-icon-left bklyn-btn-normal\"><i class=\"BklynIcons-Download\"><\/i><span class=\"ut-btn-text\">R\u00e9pertoire<\/span><\/a><\/div><\/div><\/div><\/div><\/div><div class=\"vc_row-full-width vc_clearfix\"><\/div><div id=\"ut-row-69e4c5ca1fa87\" data-vc-full-width=\"true\" data-vc-full-width-init=\"false\" class=\"vc_row wpb_row vc_row-fluid vc_column-gap-0 ut-row-69e4c5ca1fa90\" ><div class=\"wpb_column vc_column_container vc_col-sm-12\" ><div id=\"ut_inner_column_69e4c5ca2014f\" class=\"vc_column-inner\" ><div class=\"wpb_wrapper\"><style type=\"text\/css\">#bklyn_btn_69e4c5ca201e3 .bklyn-btn { color:rgba(255,255,255,0.5) !important; border-color:rgba(255, 255, 255, 0.5) !important; border-width:2px !important; }#bklyn_btn_69e4c5ca201e3 .bklyn-btn:hover{ color:#ffffff !important; border-color:#294dea !important; }#bklyn_btn_69e4c5ca201e3 .bklyn-btn:focus{ color:#ffffff !important; border-color:#294dea !important; }#bklyn_btn_69e4c5ca201e3 .bklyn-btn:active { color:#ffffff !important; border-color:#294dea !important; }#bklyn_btn_69e4c5ca201e3 a.bklyn-btn { font-family:inherit !important; }#bklyn_btn_69e4c5ca201e3.bklyn-btn-holder a { margin-right:10px;margin-left:10px;padding-right:25px;padding-left:25px }<\/style><div id=\"bklyn_btn_69e4c5ca201e3\" class=\"bklyn-btn-holder button_back bklyn-btn-center bklyn-btn-tablet-center bklyn-btn-mobile-center\"><a title=\"Accueil\" href=\"https:\/\/maxime-tortelier.com\/fr\/\" target=\"_self\" class=\"bklyn-btn  bklyn-btn-outline bklyn-btn-icon-left bklyn-btn-normal\"><i class=\"BklynIcons-Left-3\"><\/i><span class=\"ut-btn-text\">ACCUEIL<\/span><\/a><\/div><\/div><\/div><\/div><\/div><div class=\"vc_row-full-width vc_clearfix\"><\/div><a data-id=\"section-without-id\" class=\"ut-vc-offset-anchor-bottom\" name=\"section-without-id\"><\/a><style type=\"text\/css\">#ut-section-69e4c5ca1d6ef{padding-top: 0px !important;background-color: #050505 !important;} <\/style><\/section><div class=\"vc_row-full-width vc_clearfix\"><\/div>\n<\/div>","protected":false},"excerpt":{"rendered":"aboutAbout Maxime Tortelier is currently Head of Ensembles at the Nancy Conservatoire and was until recently Music Director of the Orchestres D\u00e9mos \u2013 Lyon M\u00e9tropole, in partnership with the Orchestre National de Lyon. An exciting talent emerging onto the international conducting scene, he made his mark as the Leverhulme Young Conductor in Association with the [...]","protected":false},"author":1,"featured_media":0,"parent":6950,"menu_order":0,"comment_status":"closed","ping_status":"closed","template":"","meta":{"_monsterinsights_skip_tracking":false,"_monsterinsights_sitenote_active":false,"_monsterinsights_sitenote_note":"","_monsterinsights_sitenote_category":0,"footnotes":""},"class_list":["post-7675","page","type-page","status-publish","hentry"],"_links":{"self":[{"href":"https:\/\/maxime-tortelier.com\/fr\/wp-json\/wp\/v2\/pages\/7675","targetHints":{"allow":["GET"]}}],"collection":[{"href":"https:\/\/maxime-tortelier.com\/fr\/wp-json\/wp\/v2\/pages"}],"about":[{"href":"https:\/\/maxime-tortelier.com\/fr\/wp-json\/wp\/v2\/types\/page"}],"author":[{"embeddable":true,"href":"https:\/\/maxime-tortelier.com\/fr\/wp-json\/wp\/v2\/users\/1"}],"replies":[{"embeddable":true,"href":"https:\/\/maxime-tortelier.com\/fr\/wp-json\/wp\/v2\/comments?post=7675"}],"version-history":[{"count":27,"href":"https:\/\/maxime-tortelier.com\/fr\/wp-json\/wp\/v2\/pages\/7675\/revisions"}],"predecessor-version":[{"id":7748,"href":"https:\/\/maxime-tortelier.com\/fr\/wp-json\/wp\/v2\/pages\/7675\/revisions\/7748"}],"up":[{"embeddable":true,"href":"https:\/\/maxime-tortelier.com\/fr\/wp-json\/wp\/v2\/pages\/6950"}],"wp:attachment":[{"href":"https:\/\/maxime-tortelier.com\/fr\/wp-json\/wp\/v2\/media?parent=7675"}],"curies":[{"name":"wp","href":"https:\/\/api.w.org\/{rel}","templated":true}]}}