{"id":7644,"date":"2024-11-23T22:42:21","date_gmt":"2024-11-23T21:42:21","guid":{"rendered":"https:\/\/maxime-tortelier.com\/?page_id=7644"},"modified":"2024-12-07T15:27:45","modified_gmt":"2024-12-07T15:27:45","slug":"past-concerts","status":"publish","type":"page","link":"https:\/\/maxime-tortelier.com\/fr\/maxime-tortelier\/past-concerts\/","title":{"rendered":"Concerts pass\u00e9s"},"content":{"rendered":"<div class=\"wpb-content-wrapper\"><section id=\"ut-section-69e4af97a4c96\" data-section-title=\"Past concerts\" data-vc-full-width=\"true\" data-vc-full-width-init=\"false\" data-cursor-skin=\"global\" class=\"vc_section ut-vc-160 vc_section-has-fill ut-section-69e4af97a4ca7 bklyn-section-with-overlay ut-overflow-visible ut-overflow-visible-tablet ut-overflow-visible-mobile hide-bg-on-tablet hide-bg-on-mobile ut-section-with-linking\"><a id=\"section-concerts\" data-id=\"section-concerts\" class=\"ut-vc-offset-anchor-top\" name=\"section-concerts\">concerts<\/a><div id=\"ut-section-overlay-69e4af97a4e65\" class=\"bklyn-overlay\"><\/div><div id=\"ut-row-69e4af97a5902\" data-vc-full-width=\"true\" data-vc-full-width-init=\"false\" class=\"vc_row wpb_row vc_row-fluid vc_column-gap-0 ut-row-69e4af97a590d\" ><div class=\"wpb_column vc_column_container vc_col-sm-12\" ><div id=\"ut_inner_column_69e4af97a6110\" class=\"vc_column-inner\" ><div class=\"wpb_wrapper\"><div class=\"wpb_content_element em_list past_concerts\"><div class=\"em em-view-container\" id=\"em-view-1315387860\" data-view=\"list-grouped\">\r\n\t<div class=\"em pixelbones em-list em-events-list em-events-list-grouped\" id=\"em-events-list-grouped-1315387860\">\r\n\t<div class=\"em-event em-item\" style=\"--default-border:#_CATEGORYCOLOR;\">\r\n\t<div class=\"em-item-image\">\r\n\t\t\r\n\t\t\r\n\t\t\t<div class=\"em-item-image past-event\">\r\n\t\t\t\r\n\t\t\t\r\n\t\t\t<\/div>\r\n\t\t\r\n\t<\/div>\r\n\t<div class=\"em-item-info\">\r\n\t\t<style class=\"em-item-title\"><\/style>\r\n\t\t<h3 class=\"em-item-title\">Mahler 7<\/h3>\r\n\t\t\r\n\t\t<div class=\"em-event-meta em-item-meta\">\r\n\t\t\t<div class=\"em-item-meta-line em-event-date em-event-meta-datetime\">\r\n\t\t\t\t<span class=\"em-icon-calendar em-icon\"><\/span>\r\n\t\t\t\t29 mars 2026\u00a0\u00a0\u00a0\u00a0\r\n\t\t\t<\/div>\r\n\t\t\t<div class=\"em-item-meta-line em-event-time em-event-meta-datetime\">\r\n\t\t\t\t<span class=\"em-icon-clock em-icon\"><\/span>\r\n\t\t\t\t00:00\r\n\t\t\t<\/div>\r\n\t\t\t\r\n\t\t\t\r\n\t\t\t<div class=\"em-item-meta-line em-event-location\">\r\n\t\t\t\t<span class=\"em-icon-location em-icon\"><\/span>\r\n\t\t\t\tBournemouth School for Girls\r\n\t\t\t<\/div>\r\n\t\t\t\r\n\t\t\t\r\n\t\t\t\r\n\t\t\t\r\n\t\t<\/div>\r\n\t\t<div class=\"em-item-desc\">\r\n\t\t\t\r\n\t\t<\/div>\r\n\t\t<div class=\"em-item-actions input\">\r\n\t\t\t<a class=\"em-item-read-more button\" href=\"https:\/\/maxime-tortelier.com\/fr\/events\/mahler-7\/\">More Info<\/a>\r\n\t\t\t\r\n\t\t<\/div>\r\n\t<\/div>\r\n<\/div><\/tbody><\/table><div class=\"em-event em-item\" style=\"--default-border:#_CATEGORYCOLOR;\">\r\n\t<div class=\"em-item-image\">\r\n\t\t\r\n\t\t\r\n\t\t\t<div class=\"em-item-image past-event\">\r\n\t\t\t\r\n\t\t\t\r\n\t\t\t<\/div>\r\n\t\t\r\n\t<\/div>\r\n\t<div class=\"em-item-info\">\r\n\t\t<style class=\"em-item-title\"><\/style>\r\n\t\t<h3 class=\"em-item-title\">Spectacle chor\u00e9graphique<\/h3>\r\n\t\t\r\n\t\t<div class=\"em-event-meta em-item-meta\">\r\n\t\t\t<div class=\"em-item-meta-line em-event-date em-event-meta-datetime\">\r\n\t\t\t\t<span class=\"em-icon-calendar em-icon\"><\/span>\r\n\t\t\t\t13 f\u00e9vrier 2026\u00a0\u00a0\u00a0\u00a0\r\n\t\t\t<\/div>\r\n\t\t\t<div class=\"em-item-meta-line em-event-time em-event-meta-datetime\">\r\n\t\t\t\t<span class=\"em-icon-clock em-icon\"><\/span>\r\n\t\t\t\t20:00\r\n\t\t\t<\/div>\r\n\t\t\t\r\n\t\t\t\r\n\t\t\t<div class=\"em-item-meta-line em-event-location\">\r\n\t\t\t\t<span class=\"em-icon-location em-icon\"><\/span>\r\n\t\t\t\tSalle Poirel\r\n\t\t\t<\/div>\r\n\t\t\t\r\n\t\t\t\r\n\t\t\t\r\n\t\t\t\r\n\t\t<\/div>\r\n\t\t<div class=\"em-item-desc\">\r\n\t\t\t\r\n\t\t<\/div>\r\n\t\t<div class=\"em-item-actions input\">\r\n\t\t\t<a class=\"em-item-read-more button\" href=\"https:\/\/maxime-tortelier.com\/fr\/events\/at-the-ballet\/\">More Info<\/a>\r\n\t\t\t\r\n\t\t<\/div>\r\n\t<\/div>\r\n<\/div><div class=\"em-event em-item\" style=\"--default-border:#_CATEGORYCOLOR;\">\r\n\t<div class=\"em-item-image\">\r\n\t\t\r\n\t\t\r\n\t\t\t<div class=\"em-item-image past-event\">\r\n\t\t\t\r\n\t\t\t\r\n\t\t\t<\/div>\r\n\t\t\r\n\t<\/div>\r\n\t<div class=\"em-item-info\">\r\n\t\t<style class=\"em-item-title\"><\/style>\r\n\t\t<h3 class=\"em-item-title\">Let&#8217;s be a Hero!<\/h3>\r\n\t\t\r\n\t\t<div class=\"em-event-meta em-item-meta\">\r\n\t\t\t<div class=\"em-item-meta-line em-event-date em-event-meta-datetime\">\r\n\t\t\t\t<span class=\"em-icon-calendar em-icon\"><\/span>\r\n\t\t\t\t1 f\u00e9vrier 2026\u00a0\u00a0\u00a0\u00a0\r\n\t\t\t<\/div>\r\n\t\t\t<div class=\"em-item-meta-line em-event-time em-event-meta-datetime\">\r\n\t\t\t\t<span class=\"em-icon-clock em-icon\"><\/span>\r\n\t\t\t\t16:00\r\n\t\t\t<\/div>\r\n\t\t\t\r\n\t\t\t\r\n\t\t\t<div class=\"em-item-meta-line em-event-location\">\r\n\t\t\t\t<span class=\"em-icon-location em-icon\"><\/span>\r\n\t\t\t\tEspace Chaudeau\r\n\t\t\t<\/div>\r\n\t\t\t\r\n\t\t\t\r\n\t\t\t\r\n\t\t\t\r\n\t\t<\/div>\r\n\t\t<div class=\"em-item-desc\">\r\n\t\t\t\r\n\t\t<\/div>\r\n\t\t<div class=\"em-item-actions input\">\r\n\t\t\t<a class=\"em-item-read-more button\" href=\"https:\/\/maxime-tortelier.com\/fr\/events\/lets-be-a-hero\/\">More Info<\/a>\r\n\t\t\t\r\n\t\t<\/div>\r\n\t<\/div>\r\n<\/div><\/tbody><\/table><div class=\"em-event em-item\" style=\"--default-border:#_CATEGORYCOLOR;\">\r\n\t<div class=\"em-item-image\">\r\n\t\t\r\n\t\t\r\n\t\t\t<div class=\"em-item-image past-event\">\r\n\t\t\t\r\n\t\t\t\r\n\t\t\t<\/div>\r\n\t\t\r\n\t<\/div>\r\n\t<div class=\"em-item-info\">\r\n\t\t<style class=\"em-item-title\"><\/style>\r\n\t\t<h3 class=\"em-item-title\">C\u00e9r\u00e9monie de remise des distinctions<\/h3>\r\n\t\t\r\n\t\t<div class=\"em-event-meta em-item-meta\">\r\n\t\t\t<div class=\"em-item-meta-line em-event-date em-event-meta-datetime\">\r\n\t\t\t\t<span class=\"em-icon-calendar em-icon\"><\/span>\r\n\t\t\t\t17 d\u00e9cembre 2025\u00a0\u00a0\u00a0\u00a0\r\n\t\t\t<\/div>\r\n\t\t\t<div class=\"em-item-meta-line em-event-time em-event-meta-datetime\">\r\n\t\t\t\t<span class=\"em-icon-clock em-icon\"><\/span>\r\n\t\t\t\t20:00\r\n\t\t\t<\/div>\r\n\t\t\t\r\n\t\t\t\r\n\t\t\t<div class=\"em-item-meta-line em-event-location\">\r\n\t\t\t\t<span class=\"em-icon-location em-icon\"><\/span>\r\n\t\t\t\tSalle Poirel\r\n\t\t\t<\/div>\r\n\t\t\t\r\n\t\t\t\r\n\t\t\t\r\n\t\t\t\r\n\t\t<\/div>\r\n\t\t<div class=\"em-item-desc\">\r\n\t\t\t\r\n\t\t<\/div>\r\n\t\t<div class=\"em-item-actions input\">\r\n\t\t\t<a class=\"em-item-read-more button\" href=\"https:\/\/maxime-tortelier.com\/fr\/events\/conservatoire-awards-ceremony-copy\/\">More Info<\/a>\r\n\t\t\t\r\n\t\t<\/div>\r\n\t<\/div>\r\n<\/div><\/tbody><\/table><div class=\"em-event em-item\" style=\"--default-border:#_CATEGORYCOLOR;\">\r\n\t<div class=\"em-item-image\">\r\n\t\t\r\n\t\t\r\n\t\t\t<div class=\"em-item-image past-event\">\r\n\t\t\t\r\n\t\t\t\r\n\t\t\t<\/div>\r\n\t\t\r\n\t<\/div>\r\n\t<div class=\"em-item-info\">\r\n\t\t<style class=\"em-item-title\"><\/style>\r\n\t\t<h3 class=\"em-item-title\">Cors h\u00e9ro\u00efques<\/h3>\r\n\t\t\r\n\t\t<div class=\"em-event-meta em-item-meta\">\r\n\t\t\t<div class=\"em-item-meta-line em-event-date em-event-meta-datetime\">\r\n\t\t\t\t<span class=\"em-icon-calendar em-icon\"><\/span>\r\n\t\t\t\t27 novembre 2025\u00a0\u00a0\u00a0\u00a0\r\n\t\t\t<\/div>\r\n\t\t\t<div class=\"em-item-meta-line em-event-time em-event-meta-datetime\">\r\n\t\t\t\t<span class=\"em-icon-clock em-icon\"><\/span>\r\n\t\t\t\t20:00\r\n\t\t\t<\/div>\r\n\t\t\t\r\n\t\t\t\r\n\t\t\t<div class=\"em-item-meta-line em-event-location\">\r\n\t\t\t\t<span class=\"em-icon-location em-icon\"><\/span>\r\n\t\t\t\tEspace Chaudeau\r\n\t\t\t<\/div>\r\n\t\t\t\r\n\t\t\t\r\n\t\t\t\r\n\t\t\t\r\n\t\t<\/div>\r\n\t\t<div class=\"em-item-desc\">\r\n\t\t\t\r\n\t\t<\/div>\r\n\t\t<div class=\"em-item-actions input\">\r\n\t\t\t<a class=\"em-item-read-more button\" href=\"https:\/\/maxime-tortelier.com\/fr\/events\/heroic-horns\/\">More Info<\/a>\r\n\t\t\t\r\n\t\t<\/div>\r\n\t<\/div>\r\n<\/div><\/tbody><\/table><div class=\"em-event em-item\" style=\"--default-border:#_CATEGORYCOLOR;\">\r\n\t<div class=\"em-item-image\">\r\n\t\t\r\n\t\t\r\n\t\t\t<div class=\"em-item-image past-event\">\r\n\t\t\t\r\n\t\t\t\r\n\t\t\t<\/div>\r\n\t\t\r\n\t<\/div>\r\n\t<div class=\"em-item-info\">\r\n\t\t<style class=\"em-item-title\"><\/style>\r\n\t\t<h3 class=\"em-item-title\">Jaguare Affair<\/h3>\r\n\t\t\r\n\t\t<div class=\"em-event-meta em-item-meta\">\r\n\t\t\t<div class=\"em-item-meta-line em-event-date em-event-meta-datetime\">\r\n\t\t\t\t<span class=\"em-icon-calendar em-icon\"><\/span>\r\n\t\t\t\t17 mai 2025\u00a0\u00a0\u00a0\u00a0\r\n\t\t\t<\/div>\r\n\t\t\t<div class=\"em-item-meta-line em-event-time em-event-meta-datetime\">\r\n\t\t\t\t<span class=\"em-icon-clock em-icon\"><\/span>\r\n\t\t\t\t18:00\r\n\t\t\t<\/div>\r\n\t\t\t\r\n\t\t\t\r\n\t\t\t<div class=\"em-item-meta-line em-event-location\">\r\n\t\t\t\t<span class=\"em-icon-location em-icon\"><\/span>\r\n\t\t\t\tL'Autre Canal\r\n\t\t\t<\/div>\r\n\t\t\t\r\n\t\t\t\r\n\t\t\t\r\n\t\t\t\r\n\t\t<\/div>\r\n\t\t<div class=\"em-item-desc\">\r\n\t\t\tPour ce projet sp\u00e9cial, Maxime Tortelier s'associe au groupe Jaguare Affair et \u00e0 l'Orchestre \u00e0 l'Ecole de Nancy.\r\n\t\t<\/div>\r\n\t\t<div class=\"em-item-actions input\">\r\n\t\t\t<a class=\"em-item-read-more button\" href=\"https:\/\/maxime-tortelier.com\/fr\/events\/jaguare-affair\/\">More Info<\/a>\r\n\t\t\t\r\n\t\t<\/div>\r\n\t<\/div>\r\n<\/div><\/tbody><\/table><div class=\"em-event em-item\" style=\"--default-border:#_CATEGORYCOLOR;\">\r\n\t<div class=\"em-item-image\">\r\n\t\t\r\n\t\t\r\n\t\t\t<div class=\"em-item-image past-event\">\r\n\t\t\t\r\n\t\t\t\r\n\t\t\t<\/div>\r\n\t\t\r\n\t<\/div>\r\n\t<div class=\"em-item-info\">\r\n\t\t<style class=\"em-item-title\"><\/style>\r\n\t\t<h3 class=\"em-item-title\">Projet Beethoven<\/h3>\r\n\t\t\r\n\t\t<div class=\"em-event-meta em-item-meta\">\r\n\t\t\t<div class=\"em-item-meta-line em-event-date em-event-meta-datetime\">\r\n\t\t\t\t<span class=\"em-icon-calendar em-icon\"><\/span>\r\n\t\t\t\t24 avril 2025\u00a0\u00a0\u00a0\u00a0\r\n\t\t\t<\/div>\r\n\t\t\t<div class=\"em-item-meta-line em-event-time em-event-meta-datetime\">\r\n\t\t\t\t<span class=\"em-icon-clock em-icon\"><\/span>\r\n\t\t\t\t19:00\r\n\t\t\t<\/div>\r\n\t\t\t\r\n\t\t\t\r\n\t\t\t<div class=\"em-item-meta-line em-event-location\">\r\n\t\t\t\t<span class=\"em-icon-location em-icon\"><\/span>\r\n\t\t\t\tSt John&#8217;s, Smith Square\r\n\t\t\t<\/div>\r\n\t\t\t\r\n\t\t\t\r\n\t\t\t\r\n\t\t\t\r\n\t\t<\/div>\r\n\t\t<div class=\"em-item-desc\">\r\n\t\t\t\r\n\t\t<\/div>\r\n\t\t<div class=\"em-item-actions input\">\r\n\t\t\t<a class=\"em-item-read-more button\" href=\"https:\/\/maxime-tortelier.com\/fr\/events\/beethoven-project\/\">More Info<\/a>\r\n\t\t\t\r\n\t\t<\/div>\r\n\t<\/div>\r\n<\/div><\/tbody><\/table><div class=\"em-event em-item\" style=\"--default-border:#_CATEGORYCOLOR;\">\r\n\t<div class=\"em-item-image\">\r\n\t\t\r\n\t\t\r\n\t\t\t<div class=\"em-item-image past-event\">\r\n\t\t\t\r\n\t\t\t\r\n\t\t\t<\/div>\r\n\t\t\r\n\t<\/div>\r\n\t<div class=\"em-item-info\">\r\n\t\t<style class=\"em-item-title\"><\/style>\r\n\t\t<h3 class=\"em-item-title\">1\u00e8re de Mahler<\/h3>\r\n\t\t\r\n\t\t<div class=\"em-event-meta em-item-meta\">\r\n\t\t\t<div class=\"em-item-meta-line em-event-date em-event-meta-datetime\">\r\n\t\t\t\t<span class=\"em-icon-calendar em-icon\"><\/span>\r\n\t\t\t\t8 f\u00e9vrier 2025\u00a0\u00a0\u00a0\u00a0\r\n\t\t\t<\/div>\r\n\t\t\t<div class=\"em-item-meta-line em-event-time em-event-meta-datetime\">\r\n\t\t\t\t<span class=\"em-icon-clock em-icon\"><\/span>\r\n\t\t\t\t19:30\r\n\t\t\t<\/div>\r\n\t\t\t\r\n\t\t\t\r\n\t\t\t<div class=\"em-item-meta-line em-event-location\">\r\n\t\t\t\t<span class=\"em-icon-location em-icon\"><\/span>\r\n\t\t\t\tHoly Trinity, Sloane Square\r\n\t\t\t<\/div>\r\n\t\t\t\r\n\t\t\t\r\n\t\t\t\r\n\t\t\t\r\n\t\t<\/div>\r\n\t\t<div class=\"em-item-desc\">\r\n\t\t\t\r\n\t\t<\/div>\r\n\t\t<div class=\"em-item-actions input\">\r\n\t\t\t<a class=\"em-item-read-more button\" href=\"https:\/\/maxime-tortelier.com\/fr\/events\/mahler-1\/\">More Info<\/a>\r\n\t\t\t\r\n\t\t<\/div>\r\n\t<\/div>\r\n<\/div><\/tbody><\/table><div class=\"em-event em-item\" style=\"--default-border:#_CATEGORYCOLOR;\">\r\n\t<div class=\"em-item-image\">\r\n\t\t\r\n\t\t\r\n\t\t\t<div class=\"em-item-image past-event\">\r\n\t\t\t\r\n\t\t\t\r\n\t\t\t<\/div>\r\n\t\t\r\n\t<\/div>\r\n\t<div class=\"em-item-info\">\r\n\t\t<style class=\"em-item-title\"><\/style>\r\n\t\t<h3 class=\"em-item-title\">C\u00e9r\u00e9monie de remise des distinctions<\/h3>\r\n\t\t\r\n\t\t<div class=\"em-event-meta em-item-meta\">\r\n\t\t\t<div class=\"em-item-meta-line em-event-date em-event-meta-datetime\">\r\n\t\t\t\t<span class=\"em-icon-calendar em-icon\"><\/span>\r\n\t\t\t\t14 janvier 2025\u00a0\u00a0\u00a0\u00a0\r\n\t\t\t<\/div>\r\n\t\t\t<div class=\"em-item-meta-line em-event-time em-event-meta-datetime\">\r\n\t\t\t\t<span class=\"em-icon-clock em-icon\"><\/span>\r\n\t\t\t\t20:00\r\n\t\t\t<\/div>\r\n\t\t\t\r\n\t\t\t\r\n\t\t\t<div class=\"em-item-meta-line em-event-location\">\r\n\t\t\t\t<span class=\"em-icon-location em-icon\"><\/span>\r\n\t\t\t\tSalle Poirel\r\n\t\t\t<\/div>\r\n\t\t\t\r\n\t\t\t\r\n\t\t\t\r\n\t\t\t\r\n\t\t<\/div>\r\n\t\t<div class=\"em-item-desc\">\r\n\t\t\t\r\n\t\t<\/div>\r\n\t\t<div class=\"em-item-actions input\">\r\n\t\t\t<a class=\"em-item-read-more button\" href=\"https:\/\/maxime-tortelier.com\/fr\/events\/conservatoire-awards-ceremony\/\">More Info<\/a>\r\n\t\t\t\r\n\t\t<\/div>\r\n\t<\/div>\r\n<\/div><\/tbody><\/table><div class=\"em-event em-item\" style=\"--default-border:#_CATEGORYCOLOR;\">\r\n\t<div class=\"em-item-image\">\r\n\t\t\r\n\t\t\r\n\t\t\t<div class=\"em-item-image past-event\">\r\n\t\t\t\r\n\t\t\t\r\n\t\t\t<\/div>\r\n\t\t\r\n\t<\/div>\r\n\t<div class=\"em-item-info\">\r\n\t\t<style class=\"em-item-title\"><\/style>\r\n\t\t<h3 class=\"em-item-title\">L\u00e0-haut sur la montagne<\/h3>\r\n\t\t\r\n\t\t<div class=\"em-event-meta em-item-meta\">\r\n\t\t\t<div class=\"em-item-meta-line em-event-date em-event-meta-datetime\">\r\n\t\t\t\t<span class=\"em-icon-calendar em-icon\"><\/span>\r\n\t\t\t\t28 novembre 2024\u00a0\u00a0\u00a0\u00a0\r\n\t\t\t<\/div>\r\n\t\t\t<div class=\"em-item-meta-line em-event-time em-event-meta-datetime\">\r\n\t\t\t\t<span class=\"em-icon-clock em-icon\"><\/span>\r\n\t\t\t\t20:00\r\n\t\t\t<\/div>\r\n\t\t\t\r\n\t\t\t\r\n\t\t\t<div class=\"em-item-meta-line em-event-location\">\r\n\t\t\t\t<span class=\"em-icon-location em-icon\"><\/span>\r\n\t\t\t\tEspace Chaudeau\r\n\t\t\t<\/div>\r\n\t\t\t\r\n\t\t\t\r\n\t\t\t\r\n\t\t\t\r\n\t\t<\/div>\r\n\t\t<div class=\"em-item-desc\">\r\n\t\t\t\r\n\t\t<\/div>\r\n\t\t<div class=\"em-item-actions input\">\r\n\t\t\t<a class=\"em-item-read-more button\" href=\"https:\/\/maxime-tortelier.com\/fr\/events\/up-in-the-mountains\/\">More Info<\/a>\r\n\t\t\t\r\n\t\t<\/div>\r\n\t<\/div>\r\n<\/div><\/tbody><\/table>\t<\/div>\r\n<\/div><\/div><\/div><\/div><\/div><\/div><div class=\"vc_row-full-width vc_clearfix\"><\/div><div id=\"ut-row-69e4af97ae73f\" data-vc-full-width=\"true\" data-vc-full-width-init=\"false\" class=\"vc_row wpb_row vc_row-fluid vc_column-gap-0 ut-row-69e4af97ae74d\" ><div class=\"wpb_column vc_column_container vc_col-sm-6\" ><div id=\"ut_inner_column_69e4af97af0f9\" class=\"vc_column-inner\" ><div class=\"wpb_wrapper\"><style type=\"text\/css\">#bklyn_btn_69e4af97af274 .bklyn-btn { color:rgba(255,255,255,0.5) !important; border-color:rgba(255, 255, 255, 0.5) !important; border-width:2px !important; }#bklyn_btn_69e4af97af274 .bklyn-btn:hover{ color:#ffffff !important; border-color:#294dea !important; }#bklyn_btn_69e4af97af274 .bklyn-btn:focus{ color:#ffffff !important; border-color:#294dea !important; }#bklyn_btn_69e4af97af274 .bklyn-btn:active { color:#ffffff !important; border-color:#294dea !important; }#bklyn_btn_69e4af97af274 a.bklyn-btn { font-family:inherit !important; }#bklyn_btn_69e4af97af274.bklyn-btn-holder a { margin-right:10px;margin-left:10px;padding-right:25px;padding-left:25px }<\/style><div id=\"bklyn_btn_69e4af97af274\" class=\"bklyn-btn-holder button_past concerts bklyn-btn-center bklyn-btn-tablet-center bklyn-btn-mobile-center\"><a title=\"Accueil\"   href=\"https:\/\/maxime-tortelier.com\/fr\/\" target=\"_self\" class=\"bklyn-btn  bklyn-btn-outline bklyn-btn-icon-left bklyn-btn-normal\" ><i class=\"BklynIcons-Left-3\"><\/i><span class=\"ut-btn-text\">ACCUEIL<\/span><\/a><\/div><\/div><\/div><\/div><div class=\"wpb_column vc_column_container vc_col-sm-6\" ><div id=\"ut_inner_column_69e4af97af7de\" class=\"vc_column-inner\" ><div class=\"wpb_wrapper\"><style type=\"text\/css\">#bklyn_btn_69e4af97af8b5 .bklyn-btn { color:rgba(255,255,255,0.5) !important; border-color:rgba(255, 255, 255, 0.5) !important; border-width:2px !important; }#bklyn_btn_69e4af97af8b5 .bklyn-btn:hover{ color:#ffffff !important; border-color:#294dea !important; }#bklyn_btn_69e4af97af8b5 .bklyn-btn:focus{ color:#ffffff !important; border-color:#294dea !important; }#bklyn_btn_69e4af97af8b5 .bklyn-btn:active { color:#ffffff !important; border-color:#294dea !important; }#bklyn_btn_69e4af97af8b5 a.bklyn-btn { font-family:inherit !important; }#bklyn_btn_69e4af97af8b5.bklyn-btn-holder a { margin-right:10px;margin-left:10px;padding-right:25px;padding-left:25px }<\/style><div id=\"bklyn_btn_69e4af97af8b5\" class=\"bklyn-btn-holder button_past concerts bklyn-btn-center bklyn-btn-tablet-center bklyn-btn-mobile-center\"><a title=\"Prochains concerts\"   href=\"https:\/\/maxime-tortelier.com\/fr\/maxime-tortelier\/future-concerts\/\" target=\"_self\" class=\"bklyn-btn  bklyn-btn-outline bklyn-btn-icon-right bklyn-btn-normal\" ><span class=\"ut-btn-text\">Prochains concerts<\/span><i class=\"BklynIcons-Right-2\"><\/i><\/a><\/div><\/div><\/div><\/div><\/div><div class=\"vc_row-full-width vc_clearfix\"><\/div><a data-id=\"section-concerts\" class=\"ut-vc-offset-anchor-bottom\" name=\"section-concerts\">concerts<\/a><style type=\"text\/css\">#ut-section-69e4af97a4c96{background-color: #372528 !important;background-position: center !important;background-repeat: no-repeat !important;background-size: cover !important;background-attachment:fixed!important;;}#ut-section-overlay-69e4af97a4e65{background-image:  -webkit-linear-gradient(1deg, #372528 0%, rgba(55, 37, 40, 0.4) 100%)  ;background-image:  -moz-linear-gradient(1deg, #372528 0%, rgba(55, 37, 40, 0.4) 100%)  ;background-image:  -o-linear-gradient(1deg, #372528 0%, rgba(55, 37, 40, 0.4) 100%)  ;background-image:  linear-gradient(1deg, #372528 0%, rgba(55, 37, 40, 0.4) 100%)  ;} <\/style><\/section><div class=\"vc_row-full-width vc_clearfix\"><\/div>\n<\/div>","protected":false},"excerpt":{"rendered":"concerts Mahler 7 29 mars 2026\u00a0\u00a0\u00a0\u00a0 00:00 Bournemouth School for Girls More Info At the Ballet 13 f\u00e9vrier 2026\u00a0\u00a0\u00a0\u00a0 20:00 Salle Poirel More Info Let&#8217;s be a Hero! 1 f\u00e9vrier 2026\u00a0\u00a0\u00a0\u00a0 16:00 Espace Chaudeau More Info Conservatoire Awards Ceremony 17 d\u00e9cembre 2025\u00a0\u00a0\u00a0\u00a0 20:00 Salle Poirel More Info Heroic Horns 27 novembre 2025\u00a0\u00a0\u00a0\u00a0 20:00 Espace Chaudeau [...]","protected":false},"author":1,"featured_media":0,"parent":6950,"menu_order":0,"comment_status":"closed","ping_status":"closed","template":"","meta":{"_monsterinsights_skip_tracking":false,"_monsterinsights_sitenote_active":false,"_monsterinsights_sitenote_note":"","_monsterinsights_sitenote_category":0,"footnotes":""},"class_list":["post-7644","page","type-page","status-publish","hentry"],"_links":{"self":[{"href":"https:\/\/maxime-tortelier.com\/fr\/wp-json\/wp\/v2\/pages\/7644","targetHints":{"allow":["GET"]}}],"collection":[{"href":"https:\/\/maxime-tortelier.com\/fr\/wp-json\/wp\/v2\/pages"}],"about":[{"href":"https:\/\/maxime-tortelier.com\/fr\/wp-json\/wp\/v2\/types\/page"}],"author":[{"embeddable":true,"href":"https:\/\/maxime-tortelier.com\/fr\/wp-json\/wp\/v2\/users\/1"}],"replies":[{"embeddable":true,"href":"https:\/\/maxime-tortelier.com\/fr\/wp-json\/wp\/v2\/comments?post=7644"}],"version-history":[{"count":19,"href":"https:\/\/maxime-tortelier.com\/fr\/wp-json\/wp\/v2\/pages\/7644\/revisions"}],"predecessor-version":[{"id":7749,"href":"https:\/\/maxime-tortelier.com\/fr\/wp-json\/wp\/v2\/pages\/7644\/revisions\/7749"}],"up":[{"embeddable":true,"href":"https:\/\/maxime-tortelier.com\/fr\/wp-json\/wp\/v2\/pages\/6950"}],"wp:attachment":[{"href":"https:\/\/maxime-tortelier.com\/fr\/wp-json\/wp\/v2\/media?parent=7644"}],"curies":[{"name":"wp","href":"https:\/\/api.w.org\/{rel}","templated":true}]}}